{"id":1298,"date":"2025-10-08T15:34:03","date_gmt":"2025-10-08T13:34:03","guid":{"rendered":"https:\/\/patrimoine.grand-auch.fr\/legal-information\/"},"modified":"2026-03-20T11:01:16","modified_gmt":"2026-03-20T10:01:16","slug":"legal-information","status":"publish","type":"page","link":"https:\/\/patrimoine.grand-auch.fr\/en\/legal-information\/","title":{"rendered":"Legal information"},"content":{"rendered":"\n<section class=\"wp-block-group page-header-section is-layout-constrained wp-block-group-is-layout-constrained\">\n<div class=\"wp-block-columns is-layout-flex wp-container-core-columns-is-layout-28f84493 wp-block-columns-is-layout-flex\">\n<div class=\"wp-block-column is-vertically-aligned-center is-layout-flow wp-block-column-is-layout-flow\" role=\"listitem\">\n<h1 class=\"wp-block-heading\">Legal information<\/h1>\n\n\n\n<p class=\"is-style-sub-title\">Official website of the accredited heritage department of the <a href=\"https:\/\/www.grandauch.com\/\">Grand Auch C\u0153ur de Gascogne<\/a> intermunicipal community<\/p>\n\n\n\n<p><\/p>\n\n\n\n<div class=\"wp-block-group is-nowrap is-layout-flex wp-container-core-group-is-layout-fc054d2d wp-block-group-is-layout-flex\">\n<figure class=\"wp-block-image size-full\"><img decoding=\"async\" width=\"38\" height=\"38\" src=\"https:\/\/patrimoine.grand-auch.fr\/wp-content\/uploads\/2025\/10\/phone-1.png\" alt=\"\" class=\"wp-image-252\"\/><\/figure>\n\n\n\n<p class=\"has-theme-9-color has-text-color has-link-color wp-elements-139fbf0649bfae00ec70420db80a8d55\" style=\"font-style:normal;font-weight:700\">+33 (0)9 69 39 00 00;<\/p>\n<\/div>\n<\/div>\n\n\n\n<div class=\"wp-block-column is-vertically-aligned-center is-layout-flow wp-block-column-is-layout-flow\" role=\"listitem\">\n<figure class=\"wp-block-image size-full\"><img decoding=\"async\" src=\"https:\/\/patrimoine.grand-auch.fr\/wp-content\/uploads\/2025\/10\/Photo_2_Pile-galloromaine_Biran-&#xA9;Linstant-C-1.png\" alt=\"\" class=\"wp-image-29\"\/><\/figure>\n<\/div>\n<\/div>\n<\/section>\n\n<div style=\"height:var(--wp--preset--spacing--80)\" aria-hidden=\"true\" class=\"wp-block-spacer\"><\/div>\n<div class=\"wp-block-group is-layout-constrained wp-block-group-is-layout-constrained\">\n<h2 class=\"wp-block-heading\">Website publication<\/h2>\n\n\n\n<p><strong>Website owner<\/strong>: Grand Auch C\u0153ur de Gascogne intermunicipal community \u0096 Communaut\u00e9 d&#8217;agglom\u00e9ration Grand Auch C\u0153ur de Gascogne, 1 rue Darwin, 32000 Auch, FRANCE.<\/p>\n\n\n\n<p><strong>Publication Manager<\/strong>: Bernard Pensivy, President of the intermunicipal community<\/p>\n\n\n\n<p><strong>Associate Publication Manager<\/strong>: V\u00e9ronique Mascarenc, Vice-President and Head of tourism development of the intermunicipal community<\/p>\n\n\n\n<p><strong>Editorial team<\/strong>: The accredited heritage department of the Grand Auch C\u0153ur de Gascogne intermunicipal community; the intermunicipal community\u2019s Digital Uses and Data department for the map; and the Grand Auch C\u0153ur de Gascogne tourist information centre for the programme.<\/p>\n\n\n\n<p><strong>Photos<\/strong>: Grand Auch C\u0153ur de Gascogne intermunicipal community, unless otherwise mentioned<\/p>\n\n\n<p><strong>Data Protection Officer<\/strong>: <a href=\"mailto:dpo@lot.fr\" target=\"_blank\" rel=\"noreferrer noopener\" class=\"external-link\">dpo@grand-auch.fr<span class=\"sr-only\">\u00a0&#8211;\u00a0Nouvelle fen\u00eatre<\/span><span title=\"Nouvelle fen\u00eatre\" aria-hidden=\"true\" class=\"external-link-icon\"><svg xmlns=\"http:\/\/www.w3.org\/2000\/svg\" width=\"18\" height=\"18\" viewbox=\"0 0 24 24\" aria-hidden=\"true\"><path d=\"M21 13v10h-21v-19h12v2h-10v15h17v-8h2zm3-12h-10.988l4.035 4-6.977 7.07 2.828 2.828 6.977-7.07 4.125 4.172v-11z\"><\/path><\/svg><\/span><\/a><\/p>\n\n\n\n<p>Pursuant to French law 78-17 of 6 January 1978 on information technology, files and liberties and to Regulation (EU) 2016\/679 of the European Parliament and European Council of 27 April 2016 on the protection of natural persons in regard to personal data processing, you may oppose the digital processing of data about you, collected by the organiser, and you enjoy the right to access, rectify and delete such personal data. To exercise these rights, you can write to the data protection officer.<\/p>\n\n\n\n<p><strong>Web hosting service<\/strong>: To be completed<\/p>\n\n\n\n<p><strong>Website design and development<\/strong>: WS Interactive \u0096 15 quai Lucien Lombard, 31000 Toulouse, FRANCE<\/p>\n\n\n\n<h3 class=\"wp-block-heading\">Data present on the website<\/h3>\n\n\n\n<p>In cases where data present on this website bears names, users should use such data in line with regulations in force and in line with the recommendations of the French data privacy authority CNIL (Commission nationale de l&#8217;informatique et des libert\u00e9s).<br>Data used should only be used for personal reasons or for the purposes of professional work or an association. Any sharing or use of data for commercial or advertising purposes is forbidden.<\/p>\n\n\n\n<h3 class=\"wp-block-heading\">Data collected by the website publisher<\/h3>\n\n\n\n<p>Personal data collected is processed digitally for statistical purposes and for informational and external communication purposes in regard to activities carried out by the Grand Auch C\u0153ur de Gascogne intermunicipal community. Such data is not processed, interconnected or shared with other applications. It is not used for political or electoral canvassing or for sales. The accredited heritage department is the only recipient of such data.<\/p>\n\n\n\n<h3 class=\"wp-block-heading\">Intellectual property<\/h3>\n\n\n\n<p>This website is a work created by the Grand Auch C\u0153ur de Gascogne intermunicipal community, which is its creator in the sense of articles L. 111-1 et seq. of the French Intellectual Property Code.<\/p>\n\n\n\n<p>The photographs, texts, slogans, pictures, images, videos, animated sequences with or without sound, and all works integrated into the website belong to the Grand Auch C\u0153ur de Gascogne intermunicipal community or to third parties that have authorised the intermunicipal community to use them.<\/p>\n\n\n\n<p>The logos, icons and graphic bullet points represented on the website are protected by copyright and by articles L.511-1 et seq. of the French Intellectual Property Code in regard to the protection of registered designs.<\/p>\n\n\n\n<p>Any reproduction, representation, modification, publication or adaptation of all or some parts of the website, by any means, is forbidden, unless prior authorisation has been given by the accredited heritage department of the Grand Auch C\u0153ur de Gascogne intermunicipal community. Any unauthorised use of the website or of any part that it contains shall be considered counterfeiting and be litigated pursuant to the provisions of articles L.335-2 et seq. of the French Intellectual Property Code.<\/p>\n\n\n\n<h3 class=\"wp-block-heading\">Quality of information shared<\/h3>\n\n\n\n<p>We strive to offer, on our website, information that is reliable, checked and up-to-date. Yet despite all the attention that we pay, mistakes or omissions can remain. We endeavour to correct mistakes that are brought to our attention.<\/p>\n\n\n\n<h3 class=\"wp-block-heading\">Hyperlinks<\/h3>\n\n\n\n<p>Hyperlinks that are present on the website and that direct users to other websites do not make the website editorial team of the accredited heritage department of the Grand Auch C\u0153ur de Gascogne intermunicipal community liable for the content of such other websites.<\/p>\n\n\n\n<p>Hyperlinks are authorised without prior agreement from the accredited heritage department.<\/p>\n\n\n\n<h3 class=\"wp-block-heading\"><\/h3>\n<\/div>\n\n<div style=\"height:var(--wp--preset--spacing--80)\" aria-hidden=\"true\" class=\"wp-block-spacer\"><\/div>\n\n<div style=\"height:var(--wp--preset--spacing--80)\" aria-hidden=\"true\" class=\"wp-block-spacer\"><\/div>\n","protected":false},"excerpt":{"rendered":"<p>Legal information Official website of the accredited heritage department of the Grand Auch C\u0153ur de Gascogne intermunicipal community +33 (0)9 [&hellip;]<\/p>\n","protected":false},"author":1,"featured_media":0,"parent":0,"menu_order":0,"comment_status":"closed","ping_status":"closed","template":"","meta":{"footnotes":""},"class_list":["post-1298","page","type-page","status-publish","hentry"],"yoast_head":"<!-- This site is optimized with the Yoast SEO plugin v27.5 - https:\/\/yoast.com\/product\/yoast-seo-wordpress\/ -->\n<title>Legal information - Patrimoine Grand Auch C\u0153ur de Gascogne<\/title>\n<meta name=\"description\" content=\"Legal information about the website of the accredited heritage department (\u201cservice Pays d&#039;art et d&#039;histoire\u201d) of the Grand Auch C\u0153ur de Gascogne intermunicipal community.\" \/>\n<meta name=\"robots\" content=\"index, follow, max-snippet:-1, max-image-preview:large, max-video-preview:-1\" \/>\n<link rel=\"canonical\" href=\"https:\/\/patrimoine.grand-auch.fr\/en\/legal-information\/\" \/>\n<meta property=\"og:locale\" content=\"en_US\" \/>\n<meta property=\"og:type\" content=\"article\" \/>\n<meta property=\"og:title\" content=\"Legal information - Patrimoine Grand Auch C\u0153ur de Gascogne\" \/>\n<meta property=\"og:description\" content=\"Legal information about the website of the accredited heritage department (\u201cservice Pays d&#039;art et d&#039;histoire\u201d) of the Grand Auch C\u0153ur de Gascogne intermunicipal community.\" \/>\n<meta property=\"og:url\" content=\"https:\/\/patrimoine.grand-auch.fr\/en\/legal-information\/\" \/>\n<meta property=\"og:site_name\" content=\"Patrimoine Grand Auch C\u0153ur de Gascogne\" \/>\n<meta property=\"article:publisher\" content=\"https:\/\/www.facebook.com\/PahGrandAuchCoeurdeGascogne\" \/>\n<meta property=\"article:modified_time\" content=\"2026-03-20T10:01:16+00:00\" \/>\n<meta property=\"og:image\" content=\"https:\/\/patrimoine.grand-auch.fr\/wp-content\/uploads\/2025\/10\/phone-1.png\" \/>\n\t<meta property=\"og:image:width\" content=\"38\" \/>\n\t<meta property=\"og:image:height\" content=\"38\" \/>\n\t<meta property=\"og:image:type\" content=\"image\/png\" \/>\n<meta name=\"twitter:card\" content=\"summary_large_image\" \/>\n<meta name=\"twitter:label1\" content=\"Est. reading time\" \/>\n\t<meta name=\"twitter:data1\" content=\"3 minutes\" \/>\n<script type=\"application\/ld+json\" class=\"yoast-schema-graph\">{\"@context\":\"https:\\\/\\\/schema.org\",\"@graph\":[{\"@type\":\"WebPage\",\"@id\":\"https:\\\/\\\/patrimoine.grand-auch.fr\\\/en\\\/legal-information\\\/\",\"url\":\"https:\\\/\\\/patrimoine.grand-auch.fr\\\/en\\\/legal-information\\\/\",\"name\":\"Legal information - Patrimoine Grand Auch C\u0153ur de Gascogne\",\"isPartOf\":{\"@id\":\"https:\\\/\\\/patrimoine.grand-auch.fr\\\/en\\\/#website\"},\"primaryImageOfPage\":{\"@id\":\"https:\\\/\\\/patrimoine.grand-auch.fr\\\/en\\\/legal-information\\\/#primaryimage\"},\"image\":{\"@id\":\"https:\\\/\\\/patrimoine.grand-auch.fr\\\/en\\\/legal-information\\\/#primaryimage\"},\"thumbnailUrl\":\"https:\\\/\\\/patrimoine.grand-auch.fr\\\/wp-content\\\/uploads\\\/2025\\\/10\\\/phone-1.png\",\"datePublished\":\"2025-10-08T13:34:03+00:00\",\"dateModified\":\"2026-03-20T10:01:16+00:00\",\"description\":\"Legal information about the website of the accredited heritage department (\u201cservice Pays d'art et d'histoire\u201d) of the Grand Auch C\u0153ur de Gascogne intermunicipal community.\",\"breadcrumb\":{\"@id\":\"https:\\\/\\\/patrimoine.grand-auch.fr\\\/en\\\/legal-information\\\/#breadcrumb\"},\"inLanguage\":\"en-US\",\"potentialAction\":[{\"@type\":\"ReadAction\",\"target\":[\"https:\\\/\\\/patrimoine.grand-auch.fr\\\/en\\\/legal-information\\\/\"]}]},{\"@type\":\"ImageObject\",\"inLanguage\":\"en-US\",\"@id\":\"https:\\\/\\\/patrimoine.grand-auch.fr\\\/en\\\/legal-information\\\/#primaryimage\",\"url\":\"https:\\\/\\\/patrimoine.grand-auch.fr\\\/wp-content\\\/uploads\\\/2025\\\/10\\\/phone-1.png\",\"contentUrl\":\"https:\\\/\\\/patrimoine.grand-auch.fr\\\/wp-content\\\/uploads\\\/2025\\\/10\\\/phone-1.png\"},{\"@type\":\"BreadcrumbList\",\"@id\":\"https:\\\/\\\/patrimoine.grand-auch.fr\\\/en\\\/legal-information\\\/#breadcrumb\",\"itemListElement\":[{\"@type\":\"ListItem\",\"position\":1,\"name\":\"Accueil\",\"item\":\"https:\\\/\\\/patrimoine.grand-auch.fr\\\/en\\\/\"},{\"@type\":\"ListItem\",\"position\":2,\"name\":\"Legal information\"}]},{\"@type\":\"WebSite\",\"@id\":\"https:\\\/\\\/patrimoine.grand-auch.fr\\\/en\\\/#website\",\"url\":\"https:\\\/\\\/patrimoine.grand-auch.fr\\\/en\\\/\",\"name\":\"Auch - Pays d'art et d'histoire\",\"description\":\"\",\"publisher\":{\"@id\":\"https:\\\/\\\/patrimoine.grand-auch.fr\\\/en\\\/#organization\"},\"potentialAction\":[{\"@type\":\"SearchAction\",\"target\":{\"@type\":\"EntryPoint\",\"urlTemplate\":\"https:\\\/\\\/patrimoine.grand-auch.fr\\\/en\\\/?s={search_term_string}\"},\"query-input\":{\"@type\":\"PropertyValueSpecification\",\"valueRequired\":true,\"valueName\":\"search_term_string\"}}],\"inLanguage\":\"en-US\"},{\"@type\":\"Organization\",\"@id\":\"https:\\\/\\\/patrimoine.grand-auch.fr\\\/en\\\/#organization\",\"name\":\"Auch - Pays d'art et d'histoire\",\"url\":\"https:\\\/\\\/patrimoine.grand-auch.fr\\\/en\\\/\",\"logo\":{\"@type\":\"ImageObject\",\"inLanguage\":\"en-US\",\"@id\":\"https:\\\/\\\/patrimoine.grand-auch.fr\\\/en\\\/#\\\/schema\\\/logo\\\/image\\\/\",\"url\":\"https:\\\/\\\/patrimoine.grand-auch.fr\\\/wp-content\\\/uploads\\\/2025\\\/10\\\/logo_auch.png\",\"contentUrl\":\"https:\\\/\\\/patrimoine.grand-auch.fr\\\/wp-content\\\/uploads\\\/2025\\\/10\\\/logo_auch.png\",\"width\":232,\"height\":163,\"caption\":\"Auch - Pays d'art et d'histoire\"},\"image\":{\"@id\":\"https:\\\/\\\/patrimoine.grand-auch.fr\\\/en\\\/#\\\/schema\\\/logo\\\/image\\\/\"},\"sameAs\":[\"https:\\\/\\\/www.facebook.com\\\/PahGrandAuchCoeurdeGascogne\"]}]}<\/script>\n<!-- \/ Yoast SEO plugin. -->","yoast_head_json":{"title":"Legal information - Patrimoine Grand Auch C\u0153ur de Gascogne","description":"Legal information about the website of the accredited heritage department (\u201cservice Pays d'art et d'histoire\u201d) of the Grand Auch C\u0153ur de Gascogne intermunicipal community.","robots":{"index":"index","follow":"follow","max-snippet":"max-snippet:-1","max-image-preview":"max-image-preview:large","max-video-preview":"max-video-preview:-1"},"canonical":"https:\/\/patrimoine.grand-auch.fr\/en\/legal-information\/","og_locale":"en_US","og_type":"article","og_title":"Legal information - Patrimoine Grand Auch C\u0153ur de Gascogne","og_description":"Legal information about the website of the accredited heritage department (\u201cservice Pays d'art et d'histoire\u201d) of the Grand Auch C\u0153ur de Gascogne intermunicipal community.","og_url":"https:\/\/patrimoine.grand-auch.fr\/en\/legal-information\/","og_site_name":"Patrimoine Grand Auch C\u0153ur de Gascogne","article_publisher":"https:\/\/www.facebook.com\/PahGrandAuchCoeurdeGascogne","article_modified_time":"2026-03-20T10:01:16+00:00","og_image":[{"width":38,"height":38,"url":"https:\/\/patrimoine.grand-auch.fr\/wp-content\/uploads\/2025\/10\/phone-1.png","type":"image\/png"}],"twitter_card":"summary_large_image","twitter_misc":{"Est. reading time":"3 minutes"},"schema":{"@context":"https:\/\/schema.org","@graph":[{"@type":"WebPage","@id":"https:\/\/patrimoine.grand-auch.fr\/en\/legal-information\/","url":"https:\/\/patrimoine.grand-auch.fr\/en\/legal-information\/","name":"Legal information - Patrimoine Grand Auch C\u0153ur de Gascogne","isPartOf":{"@id":"https:\/\/patrimoine.grand-auch.fr\/en\/#website"},"primaryImageOfPage":{"@id":"https:\/\/patrimoine.grand-auch.fr\/en\/legal-information\/#primaryimage"},"image":{"@id":"https:\/\/patrimoine.grand-auch.fr\/en\/legal-information\/#primaryimage"},"thumbnailUrl":"https:\/\/patrimoine.grand-auch.fr\/wp-content\/uploads\/2025\/10\/phone-1.png","datePublished":"2025-10-08T13:34:03+00:00","dateModified":"2026-03-20T10:01:16+00:00","description":"Legal information about the website of the accredited heritage department (\u201cservice Pays d'art et d'histoire\u201d) of the Grand Auch C\u0153ur de Gascogne intermunicipal community.","breadcrumb":{"@id":"https:\/\/patrimoine.grand-auch.fr\/en\/legal-information\/#breadcrumb"},"inLanguage":"en-US","potentialAction":[{"@type":"ReadAction","target":["https:\/\/patrimoine.grand-auch.fr\/en\/legal-information\/"]}]},{"@type":"ImageObject","inLanguage":"en-US","@id":"https:\/\/patrimoine.grand-auch.fr\/en\/legal-information\/#primaryimage","url":"https:\/\/patrimoine.grand-auch.fr\/wp-content\/uploads\/2025\/10\/phone-1.png","contentUrl":"https:\/\/patrimoine.grand-auch.fr\/wp-content\/uploads\/2025\/10\/phone-1.png"},{"@type":"BreadcrumbList","@id":"https:\/\/patrimoine.grand-auch.fr\/en\/legal-information\/#breadcrumb","itemListElement":[{"@type":"ListItem","position":1,"name":"Accueil","item":"https:\/\/patrimoine.grand-auch.fr\/en\/"},{"@type":"ListItem","position":2,"name":"Legal information"}]},{"@type":"WebSite","@id":"https:\/\/patrimoine.grand-auch.fr\/en\/#website","url":"https:\/\/patrimoine.grand-auch.fr\/en\/","name":"Auch - Pays d'art et d'histoire","description":"","publisher":{"@id":"https:\/\/patrimoine.grand-auch.fr\/en\/#organization"},"potentialAction":[{"@type":"SearchAction","target":{"@type":"EntryPoint","urlTemplate":"https:\/\/patrimoine.grand-auch.fr\/en\/?s={search_term_string}"},"query-input":{"@type":"PropertyValueSpecification","valueRequired":true,"valueName":"search_term_string"}}],"inLanguage":"en-US"},{"@type":"Organization","@id":"https:\/\/patrimoine.grand-auch.fr\/en\/#organization","name":"Auch - Pays d'art et d'histoire","url":"https:\/\/patrimoine.grand-auch.fr\/en\/","logo":{"@type":"ImageObject","inLanguage":"en-US","@id":"https:\/\/patrimoine.grand-auch.fr\/en\/#\/schema\/logo\/image\/","url":"https:\/\/patrimoine.grand-auch.fr\/wp-content\/uploads\/2025\/10\/logo_auch.png","contentUrl":"https:\/\/patrimoine.grand-auch.fr\/wp-content\/uploads\/2025\/10\/logo_auch.png","width":232,"height":163,"caption":"Auch - Pays d'art et d'histoire"},"image":{"@id":"https:\/\/patrimoine.grand-auch.fr\/en\/#\/schema\/logo\/image\/"},"sameAs":["https:\/\/www.facebook.com\/PahGrandAuchCoeurdeGascogne"]}]}},"_links":{"self":[{"href":"https:\/\/patrimoine.grand-auch.fr\/en\/wp-json\/wp\/v2\/pages\/1298","targetHints":{"allow":["GET"]}}],"collection":[{"href":"https:\/\/patrimoine.grand-auch.fr\/en\/wp-json\/wp\/v2\/pages"}],"about":[{"href":"https:\/\/patrimoine.grand-auch.fr\/en\/wp-json\/wp\/v2\/types\/page"}],"author":[{"embeddable":true,"href":"https:\/\/patrimoine.grand-auch.fr\/en\/wp-json\/wp\/v2\/users\/1"}],"replies":[{"embeddable":true,"href":"https:\/\/patrimoine.grand-auch.fr\/en\/wp-json\/wp\/v2\/comments?post=1298"}],"version-history":[{"count":3,"href":"https:\/\/patrimoine.grand-auch.fr\/en\/wp-json\/wp\/v2\/pages\/1298\/revisions"}],"predecessor-version":[{"id":1333,"href":"https:\/\/patrimoine.grand-auch.fr\/en\/wp-json\/wp\/v2\/pages\/1298\/revisions\/1333"}],"wp:attachment":[{"href":"https:\/\/patrimoine.grand-auch.fr\/en\/wp-json\/wp\/v2\/media?parent=1298"}],"curies":[{"name":"wp","href":"https:\/\/api.w.org\/{rel}","templated":true}]}}